{"id":168,"date":"2023-10-13T10:40:30","date_gmt":"2023-10-13T10:40:30","guid":{"rendered":"https:\/\/doerig-lohnunternehmen.ch\/?page_id=168"},"modified":"2023-10-14T08:54:20","modified_gmt":"2023-10-14T08:54:20","slug":"mulchen","status":"publish","type":"page","link":"https:\/\/doerig-lohnunternehmen.ch\/?page_id=168","title":{"rendered":"Mulchen"},"content":{"rendered":"<p style=\"text-align: center;\">Wir mulchen mit einem Agrimaster RV 280 mit 2.8m Arbeitsbreite. Der Mulcher verf\u00fcgt \u00fcber einen hydraulischen Seitenverschub, eine F\u00fchrungswalze f\u00fcr die Bodenanpassung, sowie einen hydraulisch ausklappbaren Astniederhalter f\u00fcr den Forst. Somit ist der Mulcher f\u00fcr die Weidepflege wie auch f\u00fcr den Forsteinsatz bestens geeignet.<\/p>\n","protected":false},"excerpt":{"rendered":"<p>Wir mulchen mit einem Agrimaster RV 280 mit 2.8m Arbeitsbreite. Der Mulcher verf\u00fcgt \u00fcber einen hydraulischen Seitenverschub, eine F\u00fchrungswalze f\u00fcr die Bodenanpassung, sowie einen hydraulisch ausklappbaren Astniederhalter f\u00fcr den Forst. Somit ist der Mulcher f\u00fcr die Weidepflege wie auch f\u00fcr den Forsteinsatz bestens geeignet.<\/p>\n","protected":false},"author":1,"featured_media":196,"parent":0,"menu_order":0,"comment_status":"closed","ping_status":"closed","template":"","meta":{"ngg_post_thumbnail":0,"inspiro_hide_title":false,"footnotes":""},"class_list":["post-168","page","type-page","status-publish","has-post-thumbnail","hentry"],"_links":{"self":[{"href":"https:\/\/doerig-lohnunternehmen.ch\/index.php?rest_route=\/wp\/v2\/pages\/168","targetHints":{"allow":["GET"]}}],"collection":[{"href":"https:\/\/doerig-lohnunternehmen.ch\/index.php?rest_route=\/wp\/v2\/pages"}],"about":[{"href":"https:\/\/doerig-lohnunternehmen.ch\/index.php?rest_route=\/wp\/v2\/types\/page"}],"author":[{"embeddable":true,"href":"https:\/\/doerig-lohnunternehmen.ch\/index.php?rest_route=\/wp\/v2\/users\/1"}],"replies":[{"embeddable":true,"href":"https:\/\/doerig-lohnunternehmen.ch\/index.php?rest_route=%2Fwp%2Fv2%2Fcomments&post=168"}],"version-history":[{"count":8,"href":"https:\/\/doerig-lohnunternehmen.ch\/index.php?rest_route=\/wp\/v2\/pages\/168\/revisions"}],"predecessor-version":[{"id":259,"href":"https:\/\/doerig-lohnunternehmen.ch\/index.php?rest_route=\/wp\/v2\/pages\/168\/revisions\/259"}],"wp:featuredmedia":[{"embeddable":true,"href":"https:\/\/doerig-lohnunternehmen.ch\/index.php?rest_route=\/wp\/v2\/media\/196"}],"wp:attachment":[{"href":"https:\/\/doerig-lohnunternehmen.ch\/index.php?rest_route=%2Fwp%2Fv2%2Fmedia&parent=168"}],"curies":[{"name":"wp","href":"https:\/\/api.w.org\/{rel}","templated":true}]}}