{"id":171,"date":"2023-10-13T10:40:39","date_gmt":"2023-10-13T10:40:39","guid":{"rendered":"https:\/\/doerig-lohnunternehmen.ch\/?page_id=171"},"modified":"2023-10-14T08:53:02","modified_gmt":"2023-10-14T08:53:02","slug":"maehen","status":"publish","type":"page","link":"https:\/\/doerig-lohnunternehmen.ch\/?page_id=171","title":{"rendered":"M\u00e4hen"},"content":{"rendered":"<p style=\"text-align: center;\">Wir m\u00e4hen mit einem P\u00f6ttinger Alpha-Motion, welches mit 3m Arbeitsbreite immer noch beste Bodenanpassungsf\u00e4higkeit bietet. Unser H\u00fcrlimann ist mit einer hydraulischen Entlastung ausger\u00fcstet, welche das Fahren in steileren Hanglagen ohne Besch\u00e4digung des Bodens erm\u00f6glicht. Weiter sind Doppelr\u00e4der an beiden Achsen montiert, um den Bodendruck zu verteilen und Standsicherheit zu gewinnen. Anhand des GPS k\u00f6nnen \u00dcberfahrten vermieden und die volle Arbeitsbreite des M\u00e4hwerkes ausgenutzt werden. Unsere Dienstleistung bieten wir mit oder ohne Aufbereiter (Knicker) an.<\/p>\n","protected":false},"excerpt":{"rendered":"<p>Wir m\u00e4hen mit einem P\u00f6ttinger Alpha-Motion, welches mit 3m Arbeitsbreite immer noch beste Bodenanpassungsf\u00e4higkeit bietet. Unser H\u00fcrlimann ist mit einer hydraulischen Entlastung ausger\u00fcstet, welche das Fahren in steileren Hanglagen ohne Besch\u00e4digung des Bodens erm\u00f6glicht. Weiter sind Doppelr\u00e4der an beiden Achsen montiert, um den Bodendruck zu verteilen und Standsicherheit zu gewinnen. Anhand des GPS k\u00f6nnen \u00dcberfahrten &hellip; <\/p>\n<p class=\"link-more\"><a href=\"https:\/\/doerig-lohnunternehmen.ch\/?page_id=171\" class=\"more-link\">Mehr <span class=\"screen-reader-text\">\u00fcber &#8222;M\u00e4hen&#8220; <\/span>Lesen<\/a><\/p>\n","protected":false},"author":1,"featured_media":188,"parent":0,"menu_order":0,"comment_status":"closed","ping_status":"closed","template":"","meta":{"ngg_post_thumbnail":0,"inspiro_hide_title":false,"footnotes":""},"class_list":["post-171","page","type-page","status-publish","has-post-thumbnail","hentry"],"_links":{"self":[{"href":"https:\/\/doerig-lohnunternehmen.ch\/index.php?rest_route=\/wp\/v2\/pages\/171","targetHints":{"allow":["GET"]}}],"collection":[{"href":"https:\/\/doerig-lohnunternehmen.ch\/index.php?rest_route=\/wp\/v2\/pages"}],"about":[{"href":"https:\/\/doerig-lohnunternehmen.ch\/index.php?rest_route=\/wp\/v2\/types\/page"}],"author":[{"embeddable":true,"href":"https:\/\/doerig-lohnunternehmen.ch\/index.php?rest_route=\/wp\/v2\/users\/1"}],"replies":[{"embeddable":true,"href":"https:\/\/doerig-lohnunternehmen.ch\/index.php?rest_route=%2Fwp%2Fv2%2Fcomments&post=171"}],"version-history":[{"count":9,"href":"https:\/\/doerig-lohnunternehmen.ch\/index.php?rest_route=\/wp\/v2\/pages\/171\/revisions"}],"predecessor-version":[{"id":258,"href":"https:\/\/doerig-lohnunternehmen.ch\/index.php?rest_route=\/wp\/v2\/pages\/171\/revisions\/258"}],"wp:featuredmedia":[{"embeddable":true,"href":"https:\/\/doerig-lohnunternehmen.ch\/index.php?rest_route=\/wp\/v2\/media\/188"}],"wp:attachment":[{"href":"https:\/\/doerig-lohnunternehmen.ch\/index.php?rest_route=%2Fwp%2Fv2%2Fmedia&parent=171"}],"curies":[{"name":"wp","href":"https:\/\/api.w.org\/{rel}","templated":true}]}}