{"id":287,"date":"2025-10-09T18:54:30","date_gmt":"2025-10-09T18:54:30","guid":{"rendered":"https:\/\/doerig-lohnunternehmen.ch\/?page_id=287"},"modified":"2025-12-02T07:39:06","modified_gmt":"2025-12-02T07:39:06","slug":"lkw","status":"publish","type":"page","link":"https:\/\/doerig-lohnunternehmen.ch\/?page_id=287","title":{"rendered":"LKW"},"content":{"rendered":"<p style=\"text-align: center;\">Um Ihren Transportw\u00fcnschen nachzukommen, stehen uns zwei verschiedene LKW&#8217;s zur Verf\u00fcgung:<\/p>\n<p style=\"text-align: center;\"><strong>MAN TGS 18.480 mit Kumm KTS30 Auflieger<\/strong><\/p>\n<p style=\"text-align: center;\">Mit 28m<span class=\"gs_tkn\">\u00b3 Zuladung transportieren wir Ihre G\u00fclle schlagkr\u00e4ftig und zuverl\u00e4ssig. Mit aufgebauter Verschlauchungspumpe sind wir in der Lage direkt ab Fass zu verschlauchen. Transporte von Loch zu Loch sind ebenfalls m\u00f6glich. Die leistungsstarke 6000l\/min Drehkolbenpumpe erm\u00f6glicht uns ein effizientes be- und entladen des Fasses. W\u00e4hrend der Fahrt k\u00f6nnen wir umr\u00fchren oder falls n\u00f6tig sogar umsp\u00fclen, sodass auch G\u00fclle mit viel Satz keine Chance hat, sich festzusetzen. Unser MAN verf\u00fcgt \u00fcber einen Hydrodrive (Allrad) welcher es uns erm\u00f6glicht auch Kiesstrassen zu befahren.<\/span><\/p>\n<p style=\"text-align: center;\"><strong>Scania G490 mit Hakenger\u00e4t<\/strong><\/p>\n<p style=\"text-align: center;\">F\u00fcr unseren 5-Achser besitzen wir verschiedene Mulden und Pritschen. F\u00fcr Aufbauten welche Hydraulikleistung ben\u00f6tigen ist ein Schnellkuppler am Nebenantrieb des LKW&#8217;s angebracht. So k\u00f6nnen wir beispielsweise unseren Abschiebecontainer betreiben. Dieser hat ein Ladevolumen von 40m<span class=\"gs_tkn\">\u00b3 und ist mit Abdeckt\u00fcchern versehen, um kein Transportgut zu verlieren.&nbsp; Der Abschieber hat einen \u00dcberh\u00e4ckselschutz nach vorne um die Kabine besser zu sch\u00fctzen. Somit ist er haupts\u00e4chlich auf Hackschnitzeltransport ausgelegt. Mit der Funkfernbedienung k\u00f6nnen wir ausserhalb des LKW&#8217;s stehen und den Abschieber steuern.<\/span><\/p>\n<h3>&nbsp;<\/h3>\nngg_shortcode_0_placeholder\n","protected":false},"excerpt":{"rendered":"<p>Um Ihren Transportw\u00fcnschen nachzukommen, stehen uns zwei verschiedene LKW&#8217;s zur Verf\u00fcgung: MAN TGS 18.480 mit Kumm KTS30 Auflieger Mit 28m\u00b3 Zuladung transportieren wir Ihre G\u00fclle schlagkr\u00e4ftig und zuverl\u00e4ssig. Mit aufgebauter Verschlauchungspumpe sind wir in der Lage direkt ab Fass zu verschlauchen. Transporte von Loch zu Loch sind ebenfalls m\u00f6glich. Die leistungsstarke 6000l\/min Drehkolbenpumpe erm\u00f6glicht uns &hellip; <\/p>\n<p class=\"link-more\"><a href=\"https:\/\/doerig-lohnunternehmen.ch\/?page_id=287\" class=\"more-link\">Mehr <span class=\"screen-reader-text\">\u00fcber &#8222;LKW&#8220; <\/span>Lesen<\/a><\/p>\n","protected":false},"author":1,"featured_media":346,"parent":0,"menu_order":0,"comment_status":"closed","ping_status":"closed","template":"","meta":{"ngg_post_thumbnail":0,"inspiro_hide_title":false,"footnotes":""},"class_list":["post-287","page","type-page","status-publish","has-post-thumbnail","hentry"],"_links":{"self":[{"href":"https:\/\/doerig-lohnunternehmen.ch\/index.php?rest_route=\/wp\/v2\/pages\/287","targetHints":{"allow":["GET"]}}],"collection":[{"href":"https:\/\/doerig-lohnunternehmen.ch\/index.php?rest_route=\/wp\/v2\/pages"}],"about":[{"href":"https:\/\/doerig-lohnunternehmen.ch\/index.php?rest_route=\/wp\/v2\/types\/page"}],"author":[{"embeddable":true,"href":"https:\/\/doerig-lohnunternehmen.ch\/index.php?rest_route=\/wp\/v2\/users\/1"}],"replies":[{"embeddable":true,"href":"https:\/\/doerig-lohnunternehmen.ch\/index.php?rest_route=%2Fwp%2Fv2%2Fcomments&post=287"}],"version-history":[{"count":9,"href":"https:\/\/doerig-lohnunternehmen.ch\/index.php?rest_route=\/wp\/v2\/pages\/287\/revisions"}],"predecessor-version":[{"id":386,"href":"https:\/\/doerig-lohnunternehmen.ch\/index.php?rest_route=\/wp\/v2\/pages\/287\/revisions\/386"}],"wp:featuredmedia":[{"embeddable":true,"href":"https:\/\/doerig-lohnunternehmen.ch\/index.php?rest_route=\/wp\/v2\/media\/346"}],"wp:attachment":[{"href":"https:\/\/doerig-lohnunternehmen.ch\/index.php?rest_route=%2Fwp%2Fv2%2Fmedia&parent=287"}],"curies":[{"name":"wp","href":"https:\/\/api.w.org\/{rel}","templated":true}]}}