{"id":57,"date":"2023-10-08T11:53:42","date_gmt":"2023-10-08T11:53:42","guid":{"rendered":"https:\/\/doerig-lohnunternehmen.ch\/?page_id=57"},"modified":"2025-11-23T16:07:59","modified_gmt":"2025-11-23T16:07:59","slug":"guelle-ausbringen","status":"publish","type":"page","link":"https:\/\/doerig-lohnunternehmen.ch\/?page_id=57","title":{"rendered":"G\u00fclle ausbringen"},"content":{"rendered":"<p style=\"text-align: center;\">Wir sind Ihr Partner f\u00fcr die saubere Ausbringung von G\u00fclle. Ihre G\u00fclle fahren wir direkt ab G\u00fcllenloch aus oder per Transportfass an den gew\u00fcnschten Feldrand.<\/p>\n<p style=\"text-align: center;\">&nbsp;<\/p>\n<ul>\n<li style=\"text-align: center;\">Schleppschlauch mit 9m, 12m oder 15m Arbeitsbreite<\/li>\n<li style=\"text-align: center;\">Weitwurfd\u00fcse<\/li>\n<li style=\"text-align: center;\">Bis zu 800m Schlauch<\/li>\n<li style=\"text-align: center;\">Ausbringleistung bis 200m\u00b3 pro Stunde (bedingungsabh\u00e4ngig)<\/li>\n<li style=\"text-align: center;\">Bodenschonend mit Doppelbereifung<\/li>\n<li style=\"text-align: center;\">Ausbringmenge pro Hektar nach Wunsch<\/li>\n<li style=\"text-align: center;\">GPS<\/li>\n<li style=\"text-align: center;\">Nachsp\u00fclen der Schl\u00e4uche mit mitgebrachtem Wasser&nbsp;<\/li>\n<li style=\"text-align: center;\">Ausblasen der Schl\u00e4uche mit Druckluft<\/li>\n<\/ul>\n<p>&nbsp;<\/p>\n<p style=\"text-align: center;\"><a href=\"https:\/\/doerig-lohnunternehmen.ch\/?page_id=86\">Vollservice<\/a><\/p>\n<p style=\"text-align: center;\"><a href=\"https:\/\/doerig-lohnunternehmen.ch\/?page_id=92\">Verschlauchen ab Feldrand<\/a><\/p>\n<p style=\"text-align: left;\">&nbsp;<\/p>\n","protected":false},"excerpt":{"rendered":"<p>Wir sind Ihr Partner f\u00fcr die saubere Ausbringung von G\u00fclle. Ihre G\u00fclle fahren wir direkt ab G\u00fcllenloch aus oder per Transportfass an den gew\u00fcnschten Feldrand. &nbsp; Schleppschlauch mit 9m, 12m oder 15m Arbeitsbreite Weitwurfd\u00fcse Bis zu 800m Schlauch Ausbringleistung bis 200m\u00b3 pro Stunde (bedingungsabh\u00e4ngig) Bodenschonend mit Doppelbereifung Ausbringmenge pro Hektar nach Wunsch GPS Nachsp\u00fclen der &hellip; <\/p>\n<p class=\"link-more\"><a href=\"https:\/\/doerig-lohnunternehmen.ch\/?page_id=57\" class=\"more-link\">Mehr <span class=\"screen-reader-text\">\u00fcber &#8222;G\u00fclle ausbringen&#8220; <\/span>Lesen<\/a><\/p>\n","protected":false},"author":1,"featured_media":302,"parent":0,"menu_order":0,"comment_status":"closed","ping_status":"closed","template":"","meta":{"ngg_post_thumbnail":0,"inspiro_hide_title":false,"footnotes":""},"class_list":["post-57","page","type-page","status-publish","has-post-thumbnail","hentry"],"_links":{"self":[{"href":"https:\/\/doerig-lohnunternehmen.ch\/index.php?rest_route=\/wp\/v2\/pages\/57","targetHints":{"allow":["GET"]}}],"collection":[{"href":"https:\/\/doerig-lohnunternehmen.ch\/index.php?rest_route=\/wp\/v2\/pages"}],"about":[{"href":"https:\/\/doerig-lohnunternehmen.ch\/index.php?rest_route=\/wp\/v2\/types\/page"}],"author":[{"embeddable":true,"href":"https:\/\/doerig-lohnunternehmen.ch\/index.php?rest_route=\/wp\/v2\/users\/1"}],"replies":[{"embeddable":true,"href":"https:\/\/doerig-lohnunternehmen.ch\/index.php?rest_route=%2Fwp%2Fv2%2Fcomments&post=57"}],"version-history":[{"count":24,"href":"https:\/\/doerig-lohnunternehmen.ch\/index.php?rest_route=\/wp\/v2\/pages\/57\/revisions"}],"predecessor-version":[{"id":383,"href":"https:\/\/doerig-lohnunternehmen.ch\/index.php?rest_route=\/wp\/v2\/pages\/57\/revisions\/383"}],"wp:featuredmedia":[{"embeddable":true,"href":"https:\/\/doerig-lohnunternehmen.ch\/index.php?rest_route=\/wp\/v2\/media\/302"}],"wp:attachment":[{"href":"https:\/\/doerig-lohnunternehmen.ch\/index.php?rest_route=%2Fwp%2Fv2%2Fmedia&parent=57"}],"curies":[{"name":"wp","href":"https:\/\/api.w.org\/{rel}","templated":true}]}}