{"id":70,"date":"2023-10-08T14:04:03","date_gmt":"2023-10-08T14:04:03","guid":{"rendered":"https:\/\/doerig-lohnunternehmen.ch\/?page_id=70"},"modified":"2025-10-09T18:47:07","modified_gmt":"2025-10-09T18:47:07","slug":"weitere-angebote","status":"publish","type":"page","link":"https:\/\/doerig-lohnunternehmen.ch\/?page_id=70","title":{"rendered":"Weitere Angebote"},"content":{"rendered":"<p style=\"text-align: center;\">Nachfolgend finden Sie alle weiteren Arbeiten, die wir anbieten. Falls Ihre gew\u00fcnschte Arbeit nicht aufgelistet ist, d\u00fcrfen Sie trotzdem mit uns Kontakt aufnehmen. Wir sind gerne bereit, Ihrer Anfrage nach M\u00f6glichkeit nachzukommen.<\/p>\n<p>&nbsp;<\/p>\n<p style=\"text-align: center;\"><a href=\"https:\/\/doerig-lohnunternehmen.ch\/?page_id=171\">M\u00e4hen<\/a><\/p>\n<p style=\"text-align: center;\"><a href=\"https:\/\/doerig-lohnunternehmen.ch\/?page_id=168\">Mulchen<\/a><\/p>\n<p>&nbsp;<\/p>\n<p>&nbsp;<\/p>\n","protected":false},"excerpt":{"rendered":"<p>Nachfolgend finden Sie alle weiteren Arbeiten, die wir anbieten. Falls Ihre gew\u00fcnschte Arbeit nicht aufgelistet ist, d\u00fcrfen Sie trotzdem mit uns Kontakt aufnehmen. Wir sind gerne bereit, Ihrer Anfrage nach M\u00f6glichkeit nachzukommen. &nbsp; M\u00e4hen Mulchen &nbsp; &nbsp;<\/p>\n","protected":false},"author":1,"featured_media":0,"parent":0,"menu_order":0,"comment_status":"closed","ping_status":"closed","template":"","meta":{"ngg_post_thumbnail":0,"inspiro_hide_title":false,"footnotes":""},"class_list":["post-70","page","type-page","status-publish","hentry"],"_links":{"self":[{"href":"https:\/\/doerig-lohnunternehmen.ch\/index.php?rest_route=\/wp\/v2\/pages\/70","targetHints":{"allow":["GET"]}}],"collection":[{"href":"https:\/\/doerig-lohnunternehmen.ch\/index.php?rest_route=\/wp\/v2\/pages"}],"about":[{"href":"https:\/\/doerig-lohnunternehmen.ch\/index.php?rest_route=\/wp\/v2\/types\/page"}],"author":[{"embeddable":true,"href":"https:\/\/doerig-lohnunternehmen.ch\/index.php?rest_route=\/wp\/v2\/users\/1"}],"replies":[{"embeddable":true,"href":"https:\/\/doerig-lohnunternehmen.ch\/index.php?rest_route=%2Fwp%2Fv2%2Fcomments&post=70"}],"version-history":[{"count":15,"href":"https:\/\/doerig-lohnunternehmen.ch\/index.php?rest_route=\/wp\/v2\/pages\/70\/revisions"}],"predecessor-version":[{"id":284,"href":"https:\/\/doerig-lohnunternehmen.ch\/index.php?rest_route=\/wp\/v2\/pages\/70\/revisions\/284"}],"wp:attachment":[{"href":"https:\/\/doerig-lohnunternehmen.ch\/index.php?rest_route=%2Fwp%2Fv2%2Fmedia&parent=70"}],"curies":[{"name":"wp","href":"https:\/\/api.w.org\/{rel}","templated":true}]}}