{"id":92,"date":"2023-10-08T14:49:23","date_gmt":"2023-10-08T14:49:23","guid":{"rendered":"https:\/\/doerig-lohnunternehmen.ch\/?page_id=92"},"modified":"2025-11-23T11:52:17","modified_gmt":"2025-11-23T11:52:17","slug":"verschlauchen-ab-feldrand","status":"publish","type":"page","link":"https:\/\/doerig-lohnunternehmen.ch\/?page_id=92","title":{"rendered":"Verschlauchen ab Feldrand"},"content":{"rendered":"<p style=\"text-align: center;\">Falls die Felder nicht nahe beim Hof liegen, k\u00f6nnen wir mit unserem Sattelschlepper Ihre G\u00fclle an die gew\u00fcnschte Parzelle transportieren und direkt ab Transportfass verschlauchen.<\/p>\n<p style=\"text-align: center;\">Unser Transportfass ist ebenfalls mit Luftdrucktanks ausger\u00fcstet, damit wir am Ende die Schl\u00e4uche ausblasen k\u00f6nnen, um G\u00fcllelachen zu verhindern.<\/p>\n<p style=\"text-align: center;\">Mit unserem Kumm KTS30 laden wir 28m\u00b3 G\u00fclle und sind mit kurzem Radstand sowie Lenkachse am Auflieger sehr wendig. Dank Hydrodrive am LKW sind auch Kiesstrassen kein Hindernis.<\/p>\n<p>&nbsp;<\/p>\n<p>&nbsp;<\/p>\n","protected":false},"excerpt":{"rendered":"<p>Falls die Felder nicht nahe beim Hof liegen, k\u00f6nnen wir mit unserem Sattelschlepper Ihre G\u00fclle an die gew\u00fcnschte Parzelle transportieren und direkt ab Transportfass verschlauchen. Unser Transportfass ist ebenfalls mit Luftdrucktanks ausger\u00fcstet, damit wir am Ende die Schl\u00e4uche ausblasen k\u00f6nnen, um G\u00fcllelachen zu verhindern. Mit unserem Kumm KTS30 laden wir 28m\u00b3 G\u00fclle und sind mit &hellip; <\/p>\n<p class=\"link-more\"><a href=\"https:\/\/doerig-lohnunternehmen.ch\/?page_id=92\" class=\"more-link\">Mehr <span class=\"screen-reader-text\">\u00fcber &#8222;Verschlauchen ab Feldrand&#8220; <\/span>Lesen<\/a><\/p>\n","protected":false},"author":1,"featured_media":329,"parent":0,"menu_order":0,"comment_status":"closed","ping_status":"closed","template":"","meta":{"ngg_post_thumbnail":0,"inspiro_hide_title":false,"footnotes":""},"class_list":["post-92","page","type-page","status-publish","has-post-thumbnail","hentry"],"_links":{"self":[{"href":"https:\/\/doerig-lohnunternehmen.ch\/index.php?rest_route=\/wp\/v2\/pages\/92","targetHints":{"allow":["GET"]}}],"collection":[{"href":"https:\/\/doerig-lohnunternehmen.ch\/index.php?rest_route=\/wp\/v2\/pages"}],"about":[{"href":"https:\/\/doerig-lohnunternehmen.ch\/index.php?rest_route=\/wp\/v2\/types\/page"}],"author":[{"embeddable":true,"href":"https:\/\/doerig-lohnunternehmen.ch\/index.php?rest_route=\/wp\/v2\/users\/1"}],"replies":[{"embeddable":true,"href":"https:\/\/doerig-lohnunternehmen.ch\/index.php?rest_route=%2Fwp%2Fv2%2Fcomments&post=92"}],"version-history":[{"count":10,"href":"https:\/\/doerig-lohnunternehmen.ch\/index.php?rest_route=\/wp\/v2\/pages\/92\/revisions"}],"predecessor-version":[{"id":330,"href":"https:\/\/doerig-lohnunternehmen.ch\/index.php?rest_route=\/wp\/v2\/pages\/92\/revisions\/330"}],"wp:featuredmedia":[{"embeddable":true,"href":"https:\/\/doerig-lohnunternehmen.ch\/index.php?rest_route=\/wp\/v2\/media\/329"}],"wp:attachment":[{"href":"https:\/\/doerig-lohnunternehmen.ch\/index.php?rest_route=%2Fwp%2Fv2%2Fmedia&parent=92"}],"curies":[{"name":"wp","href":"https:\/\/api.w.org\/{rel}","templated":true}]}}